{"id":17,"date":"2024-01-02T16:39:43","date_gmt":"2024-01-02T15:39:43","guid":{"rendered":"http:\/\/ap-bau-landschaft-service.de\/?page_id=17"},"modified":"2024-02-26T19:56:02","modified_gmt":"2024-02-26T18:56:02","slug":"leistungen","status":"publish","type":"page","link":"https:\/\/ap-bau-landschaft-service.de\/?page_id=17","title":{"rendered":"Leistungen"},"content":{"rendered":"\n<p>Mit langj\u00e4hriger Erfahrung sind wir bestrebt, die individuellen Bed\u00fcrfnisse unserer Kunden zu verstehen und ma\u00dfgeschneiderte L\u00f6sungen anzubieten.<\/p>\n\n\n\n<div class=\"wp-block-media-text alignwide is-stacked-on-mobile\"><figure class=\"wp-block-media-text__media\"><img loading=\"lazy\" decoding=\"async\" width=\"1024\" height=\"683\" src=\"http:\/\/ap-bau-landschaft-service.de\/wp-content\/uploads\/2024\/01\/pexels-bidvine-1249610-1-1024x683.jpg\" alt=\"\" class=\"wp-image-47 size-full\" srcset=\"https:\/\/ap-bau-landschaft-service.de\/wp-content\/uploads\/2024\/01\/pexels-bidvine-1249610-1-1024x683.jpg 1024w, https:\/\/ap-bau-landschaft-service.de\/wp-content\/uploads\/2024\/01\/pexels-bidvine-1249610-1-300x200.jpg 300w, https:\/\/ap-bau-landschaft-service.de\/wp-content\/uploads\/2024\/01\/pexels-bidvine-1249610-1-768x512.jpg 768w, https:\/\/ap-bau-landschaft-service.de\/wp-content\/uploads\/2024\/01\/pexels-bidvine-1249610-1-1536x1024.jpg 1536w, https:\/\/ap-bau-landschaft-service.de\/wp-content\/uploads\/2024\/01\/pexels-bidvine-1249610-1-2048x1365.jpg 2048w, https:\/\/ap-bau-landschaft-service.de\/wp-content\/uploads\/2024\/01\/pexels-bidvine-1249610-1-600x400.jpg 600w\" sizes=\"(max-width: 1024px) 100vw, 1024px\" \/><\/figure><div class=\"wp-block-media-text__content\">\n<p><strong>Innenausbau<\/strong>: Unser Innenausbauservice umfasst unter anderem die Installation von Trennw\u00e4nden, den Einbau von Decken und B\u00f6den. Dabei legen wir gro\u00dfen Wert auf die harmonische Integration von Funktion und \u00c4sthetik, um R\u00e4ume zu schaffen, die den individuellen Bed\u00fcrfnissen unserer Kunden entsprechen.<\/p>\n<\/div><\/div>\n\n\n\n<p><\/p>\n\n\n\n<p><\/p>\n\n\n\n<div class=\"wp-block-media-text alignwide has-media-on-the-right is-stacked-on-mobile\"><div class=\"wp-block-media-text__content\">\n<p><strong>Zaunbau<\/strong>: Unsere Expertise erstreckt sich auch auf den professionellen Zaunbau, der Sicherheit und \u00c4sthetik vereint. Bei der Gestaltung von Wegen und Terrassen legen wir gro\u00dfen Wert auf die Auswahl hochwertiger Materialien und eine sorgf\u00e4ltige Ausf\u00fchrung, um langlebige und attraktive Au\u00dfenbereiche zu schaffen.<\/p>\n<\/div><figure class=\"wp-block-media-text__media\"><img loading=\"lazy\" decoding=\"async\" width=\"1024\" height=\"982\" src=\"http:\/\/ap-bau-landschaft-service.de\/wp-content\/uploads\/2024\/02\/20230605_172820-scaled-e1707811485915-1024x982.jpg\" alt=\"\" class=\"wp-image-87 size-full\" srcset=\"https:\/\/ap-bau-landschaft-service.de\/wp-content\/uploads\/2024\/02\/20230605_172820-scaled-e1707811485915-1024x982.jpg 1024w, https:\/\/ap-bau-landschaft-service.de\/wp-content\/uploads\/2024\/02\/20230605_172820-scaled-e1707811485915-300x288.jpg 300w, https:\/\/ap-bau-landschaft-service.de\/wp-content\/uploads\/2024\/02\/20230605_172820-scaled-e1707811485915-768x736.jpg 768w, https:\/\/ap-bau-landschaft-service.de\/wp-content\/uploads\/2024\/02\/20230605_172820-scaled-e1707811485915-1536x1472.jpg 1536w, https:\/\/ap-bau-landschaft-service.de\/wp-content\/uploads\/2024\/02\/20230605_172820-scaled-e1707811485915.jpg 1862w\" sizes=\"(max-width: 1024px) 100vw, 1024px\" \/><\/figure><\/div>\n\n\n\n<p><\/p>\n\n\n\n<div class=\"wp-block-media-text alignwide is-stacked-on-mobile\"><figure class=\"wp-block-media-text__media\"><img loading=\"lazy\" decoding=\"async\" width=\"1024\" height=\"720\" src=\"https:\/\/ap-bau-landschaft-service.de\/wp-content\/uploads\/2024\/02\/IMG-20230531-WA0002-1024x720.jpg\" alt=\"\" class=\"wp-image-103 size-full\" srcset=\"https:\/\/ap-bau-landschaft-service.de\/wp-content\/uploads\/2024\/02\/IMG-20230531-WA0002-1024x720.jpg 1024w, https:\/\/ap-bau-landschaft-service.de\/wp-content\/uploads\/2024\/02\/IMG-20230531-WA0002-300x211.jpg 300w, https:\/\/ap-bau-landschaft-service.de\/wp-content\/uploads\/2024\/02\/IMG-20230531-WA0002-768x540.jpg 768w, https:\/\/ap-bau-landschaft-service.de\/wp-content\/uploads\/2024\/02\/IMG-20230531-WA0002-1536x1079.jpg 1536w, https:\/\/ap-bau-landschaft-service.de\/wp-content\/uploads\/2024\/02\/IMG-20230531-WA0002.jpg 2048w\" sizes=\"(max-width: 1024px) 100vw, 1024px\" \/><\/figure><div class=\"wp-block-media-text__content\">\n<p><strong>Wege und Terrassenbau<\/strong>: Von der Auswahl der Materialien bis zur pr\u00e4zisen Ausf\u00fchrung legen wir gro\u00dfen Wert auf individuelle Konzepte, die den Charakter eines Grundst\u00fccks optimal unterstreichen. Unsere erfahrenen Bauprofis kombinieren handwerkliches K\u00f6nnen mit kreativem Design, um Wege zu schaffen, die nicht nur stabil und funktional sind, sondern auch eine visuelle Bereicherung darstellen.<\/p>\n<\/div><\/div>\n\n\n\n<p><\/p>\n\n\n\n<div class=\"wp-block-media-text alignwide has-media-on-the-right is-stacked-on-mobile\"><div class=\"wp-block-media-text__content\">\n<p><strong>Baumschnitt und Baumf\u00e4llung<\/strong>: F\u00fcr alle Belange rund um Baumschnitt und Baumf\u00e4llung sind wir Ihr zuverl\u00e4ssiger Partner.<\/p>\n<\/div><figure class=\"wp-block-media-text__media\"><img loading=\"lazy\" decoding=\"async\" width=\"1024\" height=\"684\" src=\"http:\/\/ap-bau-landschaft-service.de\/wp-content\/uploads\/2024\/01\/pexels-pixabay-209229-1024x684.jpg\" alt=\"\" class=\"wp-image-58 size-full\" srcset=\"https:\/\/ap-bau-landschaft-service.de\/wp-content\/uploads\/2024\/01\/pexels-pixabay-209229-1024x684.jpg 1024w, https:\/\/ap-bau-landschaft-service.de\/wp-content\/uploads\/2024\/01\/pexels-pixabay-209229-300x200.jpg 300w, https:\/\/ap-bau-landschaft-service.de\/wp-content\/uploads\/2024\/01\/pexels-pixabay-209229-768x513.jpg 768w, https:\/\/ap-bau-landschaft-service.de\/wp-content\/uploads\/2024\/01\/pexels-pixabay-209229-1536x1026.jpg 1536w, https:\/\/ap-bau-landschaft-service.de\/wp-content\/uploads\/2024\/01\/pexels-pixabay-209229-2048x1368.jpg 2048w, https:\/\/ap-bau-landschaft-service.de\/wp-content\/uploads\/2024\/01\/pexels-pixabay-209229-600x400.jpg 600w\" sizes=\"(max-width: 1024px) 100vw, 1024px\" \/><\/figure><\/div>\n","protected":false},"excerpt":{"rendered":"<p>Mit langj\u00e4hriger Erfahrung sind wir bestrebt, die individuellen Bed\u00fcrfnisse unserer Kunden zu verstehen und ma\u00dfgeschneiderte L\u00f6sungen anzubieten. Innenausbau: Unser Innenausbauservice umfasst unter anderem die Installation von Trennw\u00e4nden, den Einbau von Decken und B\u00f6den. Dabei legen wir gro\u00dfen Wert auf die harmonische Integration von Funktion und \u00c4sthetik, um R\u00e4ume zu schaffen, die den individuellen Bed\u00fcrfnissen unserer Kunden entsprechen. Zaunbau: Unsere Expertise [&hellip;]<\/p>\n","protected":false},"author":1,"featured_media":0,"parent":0,"menu_order":0,"comment_status":"closed","ping_status":"closed","template":"","meta":{"footnotes":""},"yoast_head":"<!-- This site is optimized with the Yoast SEO plugin v23.5 - https:\/\/yoast.com\/wordpress\/plugins\/seo\/ -->\n<title>Leistungen - AP Bau und Landschaftsservice %<\/title>\n<meta name=\"description\" content=\"AP Bau und Landschaftsservice, Ihrem kompetenten Partner f\u00fcr Sanierung, Wege und Terrassenbau, Zaunbau, Baumf\u00e4llungen, Rasenschnitt und Erdarbeiten.\" \/>\n<meta name=\"robots\" content=\"index, follow, max-snippet:-1, max-image-preview:large, max-video-preview:-1\" \/>\n<link rel=\"canonical\" href=\"https:\/\/ap-bau-landschaft-service.de\/?page_id=17\" \/>\n<meta property=\"og:locale\" content=\"de_DE\" \/>\n<meta property=\"og:type\" content=\"article\" \/>\n<meta property=\"og:title\" content=\"Leistungen - AP Bau und Landschaftsservice %\" \/>\n<meta property=\"og:description\" content=\"AP Bau und Landschaftsservice, Ihrem kompetenten Partner f\u00fcr Sanierung, Wege und Terrassenbau, Zaunbau, Baumf\u00e4llungen, Rasenschnitt und Erdarbeiten.\" \/>\n<meta property=\"og:url\" content=\"https:\/\/ap-bau-landschaft-service.de\/?page_id=17\" \/>\n<meta property=\"og:site_name\" content=\"AP Bau und Landschaftsservice\" \/>\n<meta property=\"article:modified_time\" content=\"2024-02-26T18:56:02+00:00\" \/>\n<meta property=\"og:image\" content=\"http:\/\/ap-bau-landschaft-service.de\/wp-content\/uploads\/2024\/01\/pexels-bidvine-1249610-1-1024x683.jpg\" \/>\n<meta name=\"twitter:card\" content=\"summary_large_image\" \/>\n<meta name=\"twitter:label1\" content=\"Gesch\u00e4tzte Lesezeit\" \/>\n\t<meta name=\"twitter:data1\" content=\"2\u00a0Minuten\" \/>\n<script type=\"application\/ld+json\" class=\"yoast-schema-graph\">{\"@context\":\"https:\/\/schema.org\",\"@graph\":[{\"@type\":\"WebPage\",\"@id\":\"https:\/\/ap-bau-landschaft-service.de\/?page_id=17\",\"url\":\"https:\/\/ap-bau-landschaft-service.de\/?page_id=17\",\"name\":\"Leistungen - AP Bau und Landschaftsservice %\",\"isPartOf\":{\"@id\":\"https:\/\/ap-bau-landschaft-service.de\/#website\"},\"primaryImageOfPage\":{\"@id\":\"https:\/\/ap-bau-landschaft-service.de\/?page_id=17#primaryimage\"},\"image\":{\"@id\":\"https:\/\/ap-bau-landschaft-service.de\/?page_id=17#primaryimage\"},\"thumbnailUrl\":\"http:\/\/ap-bau-landschaft-service.de\/wp-content\/uploads\/2024\/01\/pexels-bidvine-1249610-1-1024x683.jpg\",\"datePublished\":\"2024-01-02T15:39:43+00:00\",\"dateModified\":\"2024-02-26T18:56:02+00:00\",\"description\":\"AP Bau und Landschaftsservice, Ihrem kompetenten Partner f\u00fcr Sanierung, Wege und Terrassenbau, Zaunbau, Baumf\u00e4llungen, Rasenschnitt und Erdarbeiten.\",\"breadcrumb\":{\"@id\":\"https:\/\/ap-bau-landschaft-service.de\/?page_id=17#breadcrumb\"},\"inLanguage\":\"de\",\"potentialAction\":[{\"@type\":\"ReadAction\",\"target\":[\"https:\/\/ap-bau-landschaft-service.de\/?page_id=17\"]}]},{\"@type\":\"ImageObject\",\"inLanguage\":\"de\",\"@id\":\"https:\/\/ap-bau-landschaft-service.de\/?page_id=17#primaryimage\",\"url\":\"https:\/\/ap-bau-landschaft-service.de\/wp-content\/uploads\/2024\/01\/pexels-bidvine-1249610-1-scaled.jpg\",\"contentUrl\":\"https:\/\/ap-bau-landschaft-service.de\/wp-content\/uploads\/2024\/01\/pexels-bidvine-1249610-1-scaled.jpg\",\"width\":2560,\"height\":1707},{\"@type\":\"BreadcrumbList\",\"@id\":\"https:\/\/ap-bau-landschaft-service.de\/?page_id=17#breadcrumb\",\"itemListElement\":[{\"@type\":\"ListItem\",\"position\":1,\"name\":\"Startseite\",\"item\":\"https:\/\/ap-bau-landschaft-service.de\/\"},{\"@type\":\"ListItem\",\"position\":2,\"name\":\"Leistungen\"}]},{\"@type\":\"WebSite\",\"@id\":\"https:\/\/ap-bau-landschaft-service.de\/#website\",\"url\":\"https:\/\/ap-bau-landschaft-service.de\/\",\"name\":\"AP Bau und Landschaftsservice\",\"description\":\"Innenausbau - Zaunbau - Wege und Terrassenbau - Baumf\u00e4llung - Ziermauern\",\"publisher\":{\"@id\":\"https:\/\/ap-bau-landschaft-service.de\/#organization\"},\"potentialAction\":[{\"@type\":\"SearchAction\",\"target\":{\"@type\":\"EntryPoint\",\"urlTemplate\":\"https:\/\/ap-bau-landschaft-service.de\/?s={search_term_string}\"},\"query-input\":{\"@type\":\"PropertyValueSpecification\",\"valueRequired\":true,\"valueName\":\"search_term_string\"}}],\"inLanguage\":\"de\"},{\"@type\":\"Organization\",\"@id\":\"https:\/\/ap-bau-landschaft-service.de\/#organization\",\"name\":\"AP Bau und Landschaftsservice\",\"url\":\"https:\/\/ap-bau-landschaft-service.de\/\",\"logo\":{\"@type\":\"ImageObject\",\"inLanguage\":\"de\",\"@id\":\"https:\/\/ap-bau-landschaft-service.de\/#\/schema\/logo\/image\/\",\"url\":\"https:\/\/ap-bau-landschaft-service.de\/wp-content\/uploads\/2024\/03\/cropped-Final_Logo.png\",\"contentUrl\":\"https:\/\/ap-bau-landschaft-service.de\/wp-content\/uploads\/2024\/03\/cropped-Final_Logo.png\",\"width\":1218,\"height\":494,\"caption\":\"AP Bau und Landschaftsservice\"},\"image\":{\"@id\":\"https:\/\/ap-bau-landschaft-service.de\/#\/schema\/logo\/image\/\"},\"sameAs\":[\"https:\/\/www.instagram.com\/ap_bau_und_landschaftsservice\"]}]}<\/script>\n<!-- \/ Yoast SEO plugin. -->","yoast_head_json":{"title":"Leistungen - AP Bau und Landschaftsservice %","description":"AP Bau und Landschaftsservice, Ihrem kompetenten Partner f\u00fcr Sanierung, Wege und Terrassenbau, Zaunbau, Baumf\u00e4llungen, Rasenschnitt und Erdarbeiten.","robots":{"index":"index","follow":"follow","max-snippet":"max-snippet:-1","max-image-preview":"max-image-preview:large","max-video-preview":"max-video-preview:-1"},"canonical":"https:\/\/ap-bau-landschaft-service.de\/?page_id=17","og_locale":"de_DE","og_type":"article","og_title":"Leistungen - AP Bau und Landschaftsservice %","og_description":"AP Bau und Landschaftsservice, Ihrem kompetenten Partner f\u00fcr Sanierung, Wege und Terrassenbau, Zaunbau, Baumf\u00e4llungen, Rasenschnitt und Erdarbeiten.","og_url":"https:\/\/ap-bau-landschaft-service.de\/?page_id=17","og_site_name":"AP Bau und Landschaftsservice","article_modified_time":"2024-02-26T18:56:02+00:00","og_image":[{"url":"http:\/\/ap-bau-landschaft-service.de\/wp-content\/uploads\/2024\/01\/pexels-bidvine-1249610-1-1024x683.jpg"}],"twitter_card":"summary_large_image","twitter_misc":{"Gesch\u00e4tzte Lesezeit":"2\u00a0Minuten"},"schema":{"@context":"https:\/\/schema.org","@graph":[{"@type":"WebPage","@id":"https:\/\/ap-bau-landschaft-service.de\/?page_id=17","url":"https:\/\/ap-bau-landschaft-service.de\/?page_id=17","name":"Leistungen - AP Bau und Landschaftsservice %","isPartOf":{"@id":"https:\/\/ap-bau-landschaft-service.de\/#website"},"primaryImageOfPage":{"@id":"https:\/\/ap-bau-landschaft-service.de\/?page_id=17#primaryimage"},"image":{"@id":"https:\/\/ap-bau-landschaft-service.de\/?page_id=17#primaryimage"},"thumbnailUrl":"http:\/\/ap-bau-landschaft-service.de\/wp-content\/uploads\/2024\/01\/pexels-bidvine-1249610-1-1024x683.jpg","datePublished":"2024-01-02T15:39:43+00:00","dateModified":"2024-02-26T18:56:02+00:00","description":"AP Bau und Landschaftsservice, Ihrem kompetenten Partner f\u00fcr Sanierung, Wege und Terrassenbau, Zaunbau, Baumf\u00e4llungen, Rasenschnitt und Erdarbeiten.","breadcrumb":{"@id":"https:\/\/ap-bau-landschaft-service.de\/?page_id=17#breadcrumb"},"inLanguage":"de","potentialAction":[{"@type":"ReadAction","target":["https:\/\/ap-bau-landschaft-service.de\/?page_id=17"]}]},{"@type":"ImageObject","inLanguage":"de","@id":"https:\/\/ap-bau-landschaft-service.de\/?page_id=17#primaryimage","url":"https:\/\/ap-bau-landschaft-service.de\/wp-content\/uploads\/2024\/01\/pexels-bidvine-1249610-1-scaled.jpg","contentUrl":"https:\/\/ap-bau-landschaft-service.de\/wp-content\/uploads\/2024\/01\/pexels-bidvine-1249610-1-scaled.jpg","width":2560,"height":1707},{"@type":"BreadcrumbList","@id":"https:\/\/ap-bau-landschaft-service.de\/?page_id=17#breadcrumb","itemListElement":[{"@type":"ListItem","position":1,"name":"Startseite","item":"https:\/\/ap-bau-landschaft-service.de\/"},{"@type":"ListItem","position":2,"name":"Leistungen"}]},{"@type":"WebSite","@id":"https:\/\/ap-bau-landschaft-service.de\/#website","url":"https:\/\/ap-bau-landschaft-service.de\/","name":"AP Bau und Landschaftsservice","description":"Innenausbau - Zaunbau - Wege und Terrassenbau - Baumf\u00e4llung - Ziermauern","publisher":{"@id":"https:\/\/ap-bau-landschaft-service.de\/#organization"},"potentialAction":[{"@type":"SearchAction","target":{"@type":"EntryPoint","urlTemplate":"https:\/\/ap-bau-landschaft-service.de\/?s={search_term_string}"},"query-input":{"@type":"PropertyValueSpecification","valueRequired":true,"valueName":"search_term_string"}}],"inLanguage":"de"},{"@type":"Organization","@id":"https:\/\/ap-bau-landschaft-service.de\/#organization","name":"AP Bau und Landschaftsservice","url":"https:\/\/ap-bau-landschaft-service.de\/","logo":{"@type":"ImageObject","inLanguage":"de","@id":"https:\/\/ap-bau-landschaft-service.de\/#\/schema\/logo\/image\/","url":"https:\/\/ap-bau-landschaft-service.de\/wp-content\/uploads\/2024\/03\/cropped-Final_Logo.png","contentUrl":"https:\/\/ap-bau-landschaft-service.de\/wp-content\/uploads\/2024\/03\/cropped-Final_Logo.png","width":1218,"height":494,"caption":"AP Bau und Landschaftsservice"},"image":{"@id":"https:\/\/ap-bau-landschaft-service.de\/#\/schema\/logo\/image\/"},"sameAs":["https:\/\/www.instagram.com\/ap_bau_und_landschaftsservice"]}]}},"_links":{"self":[{"href":"https:\/\/ap-bau-landschaft-service.de\/index.php?rest_route=\/wp\/v2\/pages\/17"}],"collection":[{"href":"https:\/\/ap-bau-landschaft-service.de\/index.php?rest_route=\/wp\/v2\/pages"}],"about":[{"href":"https:\/\/ap-bau-landschaft-service.de\/index.php?rest_route=\/wp\/v2\/types\/page"}],"author":[{"embeddable":true,"href":"https:\/\/ap-bau-landschaft-service.de\/index.php?rest_route=\/wp\/v2\/users\/1"}],"replies":[{"embeddable":true,"href":"https:\/\/ap-bau-landschaft-service.de\/index.php?rest_route=%2Fwp%2Fv2%2Fcomments&post=17"}],"version-history":[{"count":23,"href":"https:\/\/ap-bau-landschaft-service.de\/index.php?rest_route=\/wp\/v2\/pages\/17\/revisions"}],"predecessor-version":[{"id":109,"href":"https:\/\/ap-bau-landschaft-service.de\/index.php?rest_route=\/wp\/v2\/pages\/17\/revisions\/109"}],"wp:attachment":[{"href":"https:\/\/ap-bau-landschaft-service.de\/index.php?rest_route=%2Fwp%2Fv2%2Fmedia&parent=17"}],"curies":[{"name":"wp","href":"https:\/\/api.w.org\/{rel}","templated":true}]}}