{"id":2,"date":"2022-06-30T16:30:11","date_gmt":"2022-06-30T14:30:11","guid":{"rendered":"http:\/\/ap-bau-landschaft-service.de\/\/?page_id=2"},"modified":"2024-02-26T19:59:02","modified_gmt":"2024-02-26T18:59:02","slug":"home","status":"publish","type":"page","link":"https:\/\/ap-bau-landschaft-service.de\/","title":{"rendered":"Home"},"content":{"rendered":"\n<p>Herzlich willkommen bei <strong>AP Bau und Landschaftsservice<\/strong>, Ihrem kompetenten Partner f\u00fcr Sanierung, Wege und Terrassenbau, Zaunbau, Baumf\u00e4llungen, Rasenschnitt und Erdarbeiten. Wir sind ein renommiertes Bauunternehmen, das sich auf vielf\u00e4ltige Bauprojekte spezialisiert hat und stolz darauf ist, unseren Kunden qualitativ hochwertige Dienstleistungen anzubieten.<\/p>\n\n\n\n<p>Wir laden Sie ein, mehr \u00fcber unsere Leistungen zu erfahren und freuen uns darauf, Ihr Bauprojekt mit fachkundiger Hand und kreativen Ideen zu begleiten!<\/p>\n","protected":false},"excerpt":{"rendered":"<p>Herzlich willkommen bei AP Bau und Landschaftsservice, Ihrem kompetenten Partner f\u00fcr Sanierung, Wege und Terrassenbau, Zaunbau, Baumf\u00e4llungen, Rasenschnitt und Erdarbeiten. Wir sind ein renommiertes Bauunternehmen, das sich auf vielf\u00e4ltige Bauprojekte spezialisiert hat und stolz darauf ist, unseren Kunden qualitativ hochwertige Dienstleistungen anzubieten. Wir laden Sie ein, mehr \u00fcber unsere Leistungen zu erfahren und freuen uns darauf, Ihr Bauprojekt mit fachkundiger [&hellip;]<\/p>\n","protected":false},"author":1,"featured_media":0,"parent":0,"menu_order":0,"comment_status":"closed","ping_status":"open","template":"","meta":{"footnotes":""},"yoast_head":"<!-- This site is optimized with the Yoast SEO plugin v23.5 - https:\/\/yoast.com\/wordpress\/plugins\/seo\/ -->\n<title>Home - AP Bau und Landschaftsservice<\/title>\n<meta name=\"description\" content=\"AP Bau und Landschaftsservice, Ihrem kompetenten Partner f\u00fcr Sanierung, Wege und Terrassenbau, Zaunbau, Baumf\u00e4llungen, Rasenschnitt und Erdarbeiten. Wir sind ein renommiertes Bauunternehmen, das sich auf vielf\u00e4ltige Bauprojekte spezialisiert hat und stolz darauf ist, unseren Kunden qualitativ hochwertige Dienstleistungen anzubieten.\" \/>\n<meta name=\"robots\" content=\"index, follow, max-snippet:-1, max-image-preview:large, max-video-preview:-1\" \/>\n<link rel=\"canonical\" href=\"https:\/\/ap-bau-landschaft-service.de\/\" \/>\n<meta property=\"og:locale\" content=\"de_DE\" \/>\n<meta property=\"og:type\" content=\"article\" \/>\n<meta property=\"og:title\" content=\"Home - AP Bau und Landschaftsservice\" \/>\n<meta property=\"og:description\" content=\"AP Bau und Landschaftsservice, Ihrem kompetenten Partner f\u00fcr Sanierung, Wege und Terrassenbau, Zaunbau, Baumf\u00e4llungen, Rasenschnitt und Erdarbeiten. Wir sind ein renommiertes Bauunternehmen, das sich auf vielf\u00e4ltige Bauprojekte spezialisiert hat und stolz darauf ist, unseren Kunden qualitativ hochwertige Dienstleistungen anzubieten.\" \/>\n<meta property=\"og:url\" content=\"https:\/\/ap-bau-landschaft-service.de\/\" \/>\n<meta property=\"og:site_name\" content=\"AP Bau und Landschaftsservice\" \/>\n<meta property=\"article:modified_time\" content=\"2024-02-26T18:59:02+00:00\" \/>\n<meta name=\"twitter:card\" content=\"summary_large_image\" \/>\n<meta name=\"twitter:label1\" content=\"Gesch\u00e4tzte Lesezeit\" \/>\n\t<meta name=\"twitter:data1\" content=\"1\u00a0Minute\" \/>\n<script type=\"application\/ld+json\" class=\"yoast-schema-graph\">{\"@context\":\"https:\/\/schema.org\",\"@graph\":[{\"@type\":\"WebPage\",\"@id\":\"https:\/\/ap-bau-landschaft-service.de\/\",\"url\":\"https:\/\/ap-bau-landschaft-service.de\/\",\"name\":\"Home - AP Bau und Landschaftsservice\",\"isPartOf\":{\"@id\":\"https:\/\/ap-bau-landschaft-service.de\/#website\"},\"datePublished\":\"2022-06-30T14:30:11+00:00\",\"dateModified\":\"2024-02-26T18:59:02+00:00\",\"description\":\"AP Bau und Landschaftsservice, Ihrem kompetenten Partner f\u00fcr Sanierung, Wege und Terrassenbau, Zaunbau, Baumf\u00e4llungen, Rasenschnitt und Erdarbeiten. Wir sind ein renommiertes Bauunternehmen, das sich auf vielf\u00e4ltige Bauprojekte spezialisiert hat und stolz darauf ist, unseren Kunden qualitativ hochwertige Dienstleistungen anzubieten.\",\"breadcrumb\":{\"@id\":\"https:\/\/ap-bau-landschaft-service.de\/#breadcrumb\"},\"inLanguage\":\"de\",\"potentialAction\":[{\"@type\":\"ReadAction\",\"target\":[\"https:\/\/ap-bau-landschaft-service.de\/\"]}]},{\"@type\":\"BreadcrumbList\",\"@id\":\"https:\/\/ap-bau-landschaft-service.de\/#breadcrumb\",\"itemListElement\":[{\"@type\":\"ListItem\",\"position\":1,\"name\":\"Startseite\",\"item\":\"https:\/\/ap-bau-landschaft-service.de\/\"},{\"@type\":\"ListItem\",\"position\":2,\"name\":\"Home\"}]},{\"@type\":\"WebSite\",\"@id\":\"https:\/\/ap-bau-landschaft-service.de\/#website\",\"url\":\"https:\/\/ap-bau-landschaft-service.de\/\",\"name\":\"AP Bau und Landschaftsservice\",\"description\":\"Innenausbau - Zaunbau - Wege und Terrassenbau - Baumf\u00e4llung - Ziermauern\",\"publisher\":{\"@id\":\"https:\/\/ap-bau-landschaft-service.de\/#organization\"},\"potentialAction\":[{\"@type\":\"SearchAction\",\"target\":{\"@type\":\"EntryPoint\",\"urlTemplate\":\"https:\/\/ap-bau-landschaft-service.de\/?s={search_term_string}\"},\"query-input\":{\"@type\":\"PropertyValueSpecification\",\"valueRequired\":true,\"valueName\":\"search_term_string\"}}],\"inLanguage\":\"de\"},{\"@type\":\"Organization\",\"@id\":\"https:\/\/ap-bau-landschaft-service.de\/#organization\",\"name\":\"AP Bau und Landschaftsservice\",\"url\":\"https:\/\/ap-bau-landschaft-service.de\/\",\"logo\":{\"@type\":\"ImageObject\",\"inLanguage\":\"de\",\"@id\":\"https:\/\/ap-bau-landschaft-service.de\/#\/schema\/logo\/image\/\",\"url\":\"https:\/\/ap-bau-landschaft-service.de\/wp-content\/uploads\/2024\/03\/cropped-Final_Logo.png\",\"contentUrl\":\"https:\/\/ap-bau-landschaft-service.de\/wp-content\/uploads\/2024\/03\/cropped-Final_Logo.png\",\"width\":1218,\"height\":494,\"caption\":\"AP Bau und Landschaftsservice\"},\"image\":{\"@id\":\"https:\/\/ap-bau-landschaft-service.de\/#\/schema\/logo\/image\/\"},\"sameAs\":[\"https:\/\/www.instagram.com\/ap_bau_und_landschaftsservice\"]}]}<\/script>\n<!-- \/ Yoast SEO plugin. -->","yoast_head_json":{"title":"Home - AP Bau und Landschaftsservice","description":"AP Bau und Landschaftsservice, Ihrem kompetenten Partner f\u00fcr Sanierung, Wege und Terrassenbau, Zaunbau, Baumf\u00e4llungen, Rasenschnitt und Erdarbeiten. Wir sind ein renommiertes Bauunternehmen, das sich auf vielf\u00e4ltige Bauprojekte spezialisiert hat und stolz darauf ist, unseren Kunden qualitativ hochwertige Dienstleistungen anzubieten.","robots":{"index":"index","follow":"follow","max-snippet":"max-snippet:-1","max-image-preview":"max-image-preview:large","max-video-preview":"max-video-preview:-1"},"canonical":"https:\/\/ap-bau-landschaft-service.de\/","og_locale":"de_DE","og_type":"article","og_title":"Home - AP Bau und Landschaftsservice","og_description":"AP Bau und Landschaftsservice, Ihrem kompetenten Partner f\u00fcr Sanierung, Wege und Terrassenbau, Zaunbau, Baumf\u00e4llungen, Rasenschnitt und Erdarbeiten. Wir sind ein renommiertes Bauunternehmen, das sich auf vielf\u00e4ltige Bauprojekte spezialisiert hat und stolz darauf ist, unseren Kunden qualitativ hochwertige Dienstleistungen anzubieten.","og_url":"https:\/\/ap-bau-landschaft-service.de\/","og_site_name":"AP Bau und Landschaftsservice","article_modified_time":"2024-02-26T18:59:02+00:00","twitter_card":"summary_large_image","twitter_misc":{"Gesch\u00e4tzte Lesezeit":"1\u00a0Minute"},"schema":{"@context":"https:\/\/schema.org","@graph":[{"@type":"WebPage","@id":"https:\/\/ap-bau-landschaft-service.de\/","url":"https:\/\/ap-bau-landschaft-service.de\/","name":"Home - AP Bau und Landschaftsservice","isPartOf":{"@id":"https:\/\/ap-bau-landschaft-service.de\/#website"},"datePublished":"2022-06-30T14:30:11+00:00","dateModified":"2024-02-26T18:59:02+00:00","description":"AP Bau und Landschaftsservice, Ihrem kompetenten Partner f\u00fcr Sanierung, Wege und Terrassenbau, Zaunbau, Baumf\u00e4llungen, Rasenschnitt und Erdarbeiten. Wir sind ein renommiertes Bauunternehmen, das sich auf vielf\u00e4ltige Bauprojekte spezialisiert hat und stolz darauf ist, unseren Kunden qualitativ hochwertige Dienstleistungen anzubieten.","breadcrumb":{"@id":"https:\/\/ap-bau-landschaft-service.de\/#breadcrumb"},"inLanguage":"de","potentialAction":[{"@type":"ReadAction","target":["https:\/\/ap-bau-landschaft-service.de\/"]}]},{"@type":"BreadcrumbList","@id":"https:\/\/ap-bau-landschaft-service.de\/#breadcrumb","itemListElement":[{"@type":"ListItem","position":1,"name":"Startseite","item":"https:\/\/ap-bau-landschaft-service.de\/"},{"@type":"ListItem","position":2,"name":"Home"}]},{"@type":"WebSite","@id":"https:\/\/ap-bau-landschaft-service.de\/#website","url":"https:\/\/ap-bau-landschaft-service.de\/","name":"AP Bau und Landschaftsservice","description":"Innenausbau - Zaunbau - Wege und Terrassenbau - Baumf\u00e4llung - Ziermauern","publisher":{"@id":"https:\/\/ap-bau-landschaft-service.de\/#organization"},"potentialAction":[{"@type":"SearchAction","target":{"@type":"EntryPoint","urlTemplate":"https:\/\/ap-bau-landschaft-service.de\/?s={search_term_string}"},"query-input":{"@type":"PropertyValueSpecification","valueRequired":true,"valueName":"search_term_string"}}],"inLanguage":"de"},{"@type":"Organization","@id":"https:\/\/ap-bau-landschaft-service.de\/#organization","name":"AP Bau und Landschaftsservice","url":"https:\/\/ap-bau-landschaft-service.de\/","logo":{"@type":"ImageObject","inLanguage":"de","@id":"https:\/\/ap-bau-landschaft-service.de\/#\/schema\/logo\/image\/","url":"https:\/\/ap-bau-landschaft-service.de\/wp-content\/uploads\/2024\/03\/cropped-Final_Logo.png","contentUrl":"https:\/\/ap-bau-landschaft-service.de\/wp-content\/uploads\/2024\/03\/cropped-Final_Logo.png","width":1218,"height":494,"caption":"AP Bau und Landschaftsservice"},"image":{"@id":"https:\/\/ap-bau-landschaft-service.de\/#\/schema\/logo\/image\/"},"sameAs":["https:\/\/www.instagram.com\/ap_bau_und_landschaftsservice"]}]}},"_links":{"self":[{"href":"https:\/\/ap-bau-landschaft-service.de\/index.php?rest_route=\/wp\/v2\/pages\/2"}],"collection":[{"href":"https:\/\/ap-bau-landschaft-service.de\/index.php?rest_route=\/wp\/v2\/pages"}],"about":[{"href":"https:\/\/ap-bau-landschaft-service.de\/index.php?rest_route=\/wp\/v2\/types\/page"}],"author":[{"embeddable":true,"href":"https:\/\/ap-bau-landschaft-service.de\/index.php?rest_route=\/wp\/v2\/users\/1"}],"replies":[{"embeddable":true,"href":"https:\/\/ap-bau-landschaft-service.de\/index.php?rest_route=%2Fwp%2Fv2%2Fcomments&post=2"}],"version-history":[{"count":6,"href":"https:\/\/ap-bau-landschaft-service.de\/index.php?rest_route=\/wp\/v2\/pages\/2\/revisions"}],"predecessor-version":[{"id":106,"href":"https:\/\/ap-bau-landschaft-service.de\/index.php?rest_route=\/wp\/v2\/pages\/2\/revisions\/106"}],"wp:attachment":[{"href":"https:\/\/ap-bau-landschaft-service.de\/index.php?rest_route=%2Fwp%2Fv2%2Fmedia&parent=2"}],"curies":[{"name":"wp","href":"https:\/\/api.w.org\/{rel}","templated":true}]}}