{"id":22,"date":"2024-01-02T16:54:06","date_gmt":"2024-01-02T15:54:06","guid":{"rendered":"http:\/\/ap-bau-landschaft-service.de\/?page_id=22"},"modified":"2024-02-19T12:55:32","modified_gmt":"2024-02-19T11:55:32","slug":"impressum","status":"publish","type":"page","link":"https:\/\/ap-bau-landschaft-service.de\/?page_id=22","title":{"rendered":"Impressum"},"content":{"rendered":"\n<p>Verantwortlich f\u00fcr den Inhalt dieser Website gem\u00e4\u00df \u00a7 5 TMG:<\/p>\n\n\n\n<p>AP Bau und Landschaftsservice<br>Alexander Paulisch<br>Vorheide 5<br>15848 Beeskow<br>Deutschland<\/p>\n\n\n\n<p><strong>Kontakt<\/strong>:<\/p>\n\n\n\n<p>Telefon: 0173 720 9653<br>E-Mail: alexanderpaulisch75@gmail.com<\/p>\n\n\n\n<p>Umsatzsteuer-Identifikationsnummer gem\u00e4\u00df \u00a727 a Umsatzsteuergesetz:<br>061\/255\/04904<\/p>\n\n\n\n<p>Inhaltlich Verantwortlicher gem\u00e4\u00df \u00a7 55 Abs. 2 RStV:<br>Alexander Paulisch<\/p>\n\n\n\n<p><strong>Haftungshinweis<\/strong>:<\/p>\n\n\n\n<p>Trotz sorgf\u00e4ltiger inhaltlicher Kontrolle \u00fcbernehmen wir keine Haftung f\u00fcr die Inhalte externer Links. F\u00fcr den Inhalt der verlinkten Seiten sind ausschlie\u00dflich deren Betreiber verantwortlich.<\/p>\n\n\n\n<p><strong>Urheberrecht<\/strong>:<\/p>\n\n\n\n<p>Die durch die Seitenbetreiber erstellten Inhalte und Werke auf diesen Seiten unterliegen dem deutschen Urheberrecht. Die Vervielf\u00e4ltigung, Bearbeitung, Verbreitung und jede Art der Verwertung au\u00dferhalb der Grenzen des Urheberrechts bed\u00fcrfen der schriftlichen Zustimmung des jeweiligen Autors bzw. Erstellers. Downloads und Kopien dieser Seite sind nur f\u00fcr den privaten, nicht kommerziellen Gebrauch gestattet.<\/p>\n\n\n\n<p><\/p>\n","protected":false},"excerpt":{"rendered":"<p>Verantwortlich f\u00fcr den Inhalt dieser Website gem\u00e4\u00df \u00a7 5 TMG: AP Bau und LandschaftsserviceAlexander PaulischVorheide 515848 BeeskowDeutschland Kontakt: Telefon: 0173 720 9653E-Mail: alexanderpaulisch75@gmail.com Umsatzsteuer-Identifikationsnummer gem\u00e4\u00df \u00a727 a Umsatzsteuergesetz:061\/255\/04904 Inhaltlich Verantwortlicher gem\u00e4\u00df \u00a7 55 Abs. 2 RStV:Alexander Paulisch Haftungshinweis: Trotz sorgf\u00e4ltiger inhaltlicher Kontrolle \u00fcbernehmen wir keine Haftung f\u00fcr die Inhalte externer Links. F\u00fcr den Inhalt der verlinkten Seiten sind ausschlie\u00dflich deren [&hellip;]<\/p>\n","protected":false},"author":1,"featured_media":0,"parent":0,"menu_order":0,"comment_status":"closed","ping_status":"closed","template":"","meta":{"footnotes":""},"yoast_head":"<!-- This site is optimized with the Yoast SEO plugin v23.5 - https:\/\/yoast.com\/wordpress\/plugins\/seo\/ -->\n<title>Impressum - AP Bau und Landschaftsservice<\/title>\n<meta name=\"robots\" content=\"index, follow, max-snippet:-1, max-image-preview:large, max-video-preview:-1\" \/>\n<link rel=\"canonical\" href=\"https:\/\/ap-bau-landschaft-service.de\/?page_id=22\" \/>\n<meta property=\"og:locale\" content=\"de_DE\" \/>\n<meta property=\"og:type\" content=\"article\" \/>\n<meta property=\"og:title\" content=\"Impressum - AP Bau und Landschaftsservice\" \/>\n<meta property=\"og:description\" content=\"Verantwortlich f\u00fcr den Inhalt dieser Website gem\u00e4\u00df \u00a7 5 TMG: AP Bau und LandschaftsserviceAlexander PaulischVorheide 515848 BeeskowDeutschland Kontakt: Telefon: 0173 720 9653E-Mail: alexanderpaulisch75@gmail.com Umsatzsteuer-Identifikationsnummer gem\u00e4\u00df \u00a727 a Umsatzsteuergesetz:061\/255\/04904 Inhaltlich Verantwortlicher gem\u00e4\u00df \u00a7 55 Abs. 2 RStV:Alexander Paulisch Haftungshinweis: Trotz sorgf\u00e4ltiger inhaltlicher Kontrolle \u00fcbernehmen wir keine Haftung f\u00fcr die Inhalte externer Links. F\u00fcr den Inhalt der verlinkten Seiten sind ausschlie\u00dflich deren [&hellip;]\" \/>\n<meta property=\"og:url\" content=\"https:\/\/ap-bau-landschaft-service.de\/?page_id=22\" \/>\n<meta property=\"og:site_name\" content=\"AP Bau und Landschaftsservice\" \/>\n<meta property=\"article:modified_time\" content=\"2024-02-19T11:55:32+00:00\" \/>\n<meta name=\"twitter:card\" content=\"summary_large_image\" \/>\n<meta name=\"twitter:label1\" content=\"Gesch\u00e4tzte Lesezeit\" \/>\n\t<meta name=\"twitter:data1\" content=\"1\u00a0Minute\" \/>\n<script type=\"application\/ld+json\" class=\"yoast-schema-graph\">{\"@context\":\"https:\/\/schema.org\",\"@graph\":[{\"@type\":\"WebPage\",\"@id\":\"https:\/\/ap-bau-landschaft-service.de\/?page_id=22\",\"url\":\"https:\/\/ap-bau-landschaft-service.de\/?page_id=22\",\"name\":\"Impressum - AP Bau und Landschaftsservice\",\"isPartOf\":{\"@id\":\"https:\/\/ap-bau-landschaft-service.de\/#website\"},\"datePublished\":\"2024-01-02T15:54:06+00:00\",\"dateModified\":\"2024-02-19T11:55:32+00:00\",\"breadcrumb\":{\"@id\":\"https:\/\/ap-bau-landschaft-service.de\/?page_id=22#breadcrumb\"},\"inLanguage\":\"de\",\"potentialAction\":[{\"@type\":\"ReadAction\",\"target\":[\"https:\/\/ap-bau-landschaft-service.de\/?page_id=22\"]}]},{\"@type\":\"BreadcrumbList\",\"@id\":\"https:\/\/ap-bau-landschaft-service.de\/?page_id=22#breadcrumb\",\"itemListElement\":[{\"@type\":\"ListItem\",\"position\":1,\"name\":\"Startseite\",\"item\":\"https:\/\/ap-bau-landschaft-service.de\/\"},{\"@type\":\"ListItem\",\"position\":2,\"name\":\"Impressum\"}]},{\"@type\":\"WebSite\",\"@id\":\"https:\/\/ap-bau-landschaft-service.de\/#website\",\"url\":\"https:\/\/ap-bau-landschaft-service.de\/\",\"name\":\"AP Bau und Landschaftsservice\",\"description\":\"Innenausbau - Zaunbau - Wege und Terrassenbau - Baumf\u00e4llung - Ziermauern\",\"publisher\":{\"@id\":\"https:\/\/ap-bau-landschaft-service.de\/#organization\"},\"potentialAction\":[{\"@type\":\"SearchAction\",\"target\":{\"@type\":\"EntryPoint\",\"urlTemplate\":\"https:\/\/ap-bau-landschaft-service.de\/?s={search_term_string}\"},\"query-input\":{\"@type\":\"PropertyValueSpecification\",\"valueRequired\":true,\"valueName\":\"search_term_string\"}}],\"inLanguage\":\"de\"},{\"@type\":\"Organization\",\"@id\":\"https:\/\/ap-bau-landschaft-service.de\/#organization\",\"name\":\"AP Bau und Landschaftsservice\",\"url\":\"https:\/\/ap-bau-landschaft-service.de\/\",\"logo\":{\"@type\":\"ImageObject\",\"inLanguage\":\"de\",\"@id\":\"https:\/\/ap-bau-landschaft-service.de\/#\/schema\/logo\/image\/\",\"url\":\"https:\/\/ap-bau-landschaft-service.de\/wp-content\/uploads\/2024\/03\/cropped-Final_Logo.png\",\"contentUrl\":\"https:\/\/ap-bau-landschaft-service.de\/wp-content\/uploads\/2024\/03\/cropped-Final_Logo.png\",\"width\":1218,\"height\":494,\"caption\":\"AP Bau und Landschaftsservice\"},\"image\":{\"@id\":\"https:\/\/ap-bau-landschaft-service.de\/#\/schema\/logo\/image\/\"},\"sameAs\":[\"https:\/\/www.instagram.com\/ap_bau_und_landschaftsservice\"]}]}<\/script>\n<!-- \/ Yoast SEO plugin. -->","yoast_head_json":{"title":"Impressum - AP Bau und Landschaftsservice","robots":{"index":"index","follow":"follow","max-snippet":"max-snippet:-1","max-image-preview":"max-image-preview:large","max-video-preview":"max-video-preview:-1"},"canonical":"https:\/\/ap-bau-landschaft-service.de\/?page_id=22","og_locale":"de_DE","og_type":"article","og_title":"Impressum - AP Bau und Landschaftsservice","og_description":"Verantwortlich f\u00fcr den Inhalt dieser Website gem\u00e4\u00df \u00a7 5 TMG: AP Bau und LandschaftsserviceAlexander PaulischVorheide 515848 BeeskowDeutschland Kontakt: Telefon: 0173 720 9653E-Mail: alexanderpaulisch75@gmail.com Umsatzsteuer-Identifikationsnummer gem\u00e4\u00df \u00a727 a Umsatzsteuergesetz:061\/255\/04904 Inhaltlich Verantwortlicher gem\u00e4\u00df \u00a7 55 Abs. 2 RStV:Alexander Paulisch Haftungshinweis: Trotz sorgf\u00e4ltiger inhaltlicher Kontrolle \u00fcbernehmen wir keine Haftung f\u00fcr die Inhalte externer Links. F\u00fcr den Inhalt der verlinkten Seiten sind ausschlie\u00dflich deren [&hellip;]","og_url":"https:\/\/ap-bau-landschaft-service.de\/?page_id=22","og_site_name":"AP Bau und Landschaftsservice","article_modified_time":"2024-02-19T11:55:32+00:00","twitter_card":"summary_large_image","twitter_misc":{"Gesch\u00e4tzte Lesezeit":"1\u00a0Minute"},"schema":{"@context":"https:\/\/schema.org","@graph":[{"@type":"WebPage","@id":"https:\/\/ap-bau-landschaft-service.de\/?page_id=22","url":"https:\/\/ap-bau-landschaft-service.de\/?page_id=22","name":"Impressum - AP Bau und Landschaftsservice","isPartOf":{"@id":"https:\/\/ap-bau-landschaft-service.de\/#website"},"datePublished":"2024-01-02T15:54:06+00:00","dateModified":"2024-02-19T11:55:32+00:00","breadcrumb":{"@id":"https:\/\/ap-bau-landschaft-service.de\/?page_id=22#breadcrumb"},"inLanguage":"de","potentialAction":[{"@type":"ReadAction","target":["https:\/\/ap-bau-landschaft-service.de\/?page_id=22"]}]},{"@type":"BreadcrumbList","@id":"https:\/\/ap-bau-landschaft-service.de\/?page_id=22#breadcrumb","itemListElement":[{"@type":"ListItem","position":1,"name":"Startseite","item":"https:\/\/ap-bau-landschaft-service.de\/"},{"@type":"ListItem","position":2,"name":"Impressum"}]},{"@type":"WebSite","@id":"https:\/\/ap-bau-landschaft-service.de\/#website","url":"https:\/\/ap-bau-landschaft-service.de\/","name":"AP Bau und Landschaftsservice","description":"Innenausbau - Zaunbau - Wege und Terrassenbau - Baumf\u00e4llung - Ziermauern","publisher":{"@id":"https:\/\/ap-bau-landschaft-service.de\/#organization"},"potentialAction":[{"@type":"SearchAction","target":{"@type":"EntryPoint","urlTemplate":"https:\/\/ap-bau-landschaft-service.de\/?s={search_term_string}"},"query-input":{"@type":"PropertyValueSpecification","valueRequired":true,"valueName":"search_term_string"}}],"inLanguage":"de"},{"@type":"Organization","@id":"https:\/\/ap-bau-landschaft-service.de\/#organization","name":"AP Bau und Landschaftsservice","url":"https:\/\/ap-bau-landschaft-service.de\/","logo":{"@type":"ImageObject","inLanguage":"de","@id":"https:\/\/ap-bau-landschaft-service.de\/#\/schema\/logo\/image\/","url":"https:\/\/ap-bau-landschaft-service.de\/wp-content\/uploads\/2024\/03\/cropped-Final_Logo.png","contentUrl":"https:\/\/ap-bau-landschaft-service.de\/wp-content\/uploads\/2024\/03\/cropped-Final_Logo.png","width":1218,"height":494,"caption":"AP Bau und Landschaftsservice"},"image":{"@id":"https:\/\/ap-bau-landschaft-service.de\/#\/schema\/logo\/image\/"},"sameAs":["https:\/\/www.instagram.com\/ap_bau_und_landschaftsservice"]}]}},"_links":{"self":[{"href":"https:\/\/ap-bau-landschaft-service.de\/index.php?rest_route=\/wp\/v2\/pages\/22"}],"collection":[{"href":"https:\/\/ap-bau-landschaft-service.de\/index.php?rest_route=\/wp\/v2\/pages"}],"about":[{"href":"https:\/\/ap-bau-landschaft-service.de\/index.php?rest_route=\/wp\/v2\/types\/page"}],"author":[{"embeddable":true,"href":"https:\/\/ap-bau-landschaft-service.de\/index.php?rest_route=\/wp\/v2\/users\/1"}],"replies":[{"embeddable":true,"href":"https:\/\/ap-bau-landschaft-service.de\/index.php?rest_route=%2Fwp%2Fv2%2Fcomments&post=22"}],"version-history":[{"count":6,"href":"https:\/\/ap-bau-landschaft-service.de\/index.php?rest_route=\/wp\/v2\/pages\/22\/revisions"}],"predecessor-version":[{"id":111,"href":"https:\/\/ap-bau-landschaft-service.de\/index.php?rest_route=\/wp\/v2\/pages\/22\/revisions\/111"}],"wp:attachment":[{"href":"https:\/\/ap-bau-landschaft-service.de\/index.php?rest_route=%2Fwp%2Fv2%2Fmedia&parent=22"}],"curies":[{"name":"wp","href":"https:\/\/api.w.org\/{rel}","templated":true}]}}